{"id":67,"date":"2018-06-22T13:07:17","date_gmt":"2018-06-22T13:07:17","guid":{"rendered":"http:\/\/leopold-mozart-quartett.com\/?page_id=67"},"modified":"2024-09-16T11:51:46","modified_gmt":"2024-09-16T11:51:46","slug":"video","status":"publish","type":"page","link":"http:\/\/leopold-mozart-quartett.com\/?page_id=67","title":{"rendered":"Medien"},"content":{"rendered":"<p><strong><em>\u201edialogue &amp; reflection\u201c<br \/>\n<\/em><\/strong><em>Kammermusik von Tobias PM Schneid<\/em><\/p>\n<p><a href=\"https:\/\/neos-music.com\/product\/tobias-pm-schneid-dialogue-and-reflection\/\">Ersteinspielung von vier Werken, die den musikalischen Dialog von Gegenwart und Vergangenheit intensiv, tiefgr\u00fcndig und mitrei\u00dfend erfahrbar machen. Erh\u00e4ltlich ab 27. September 2024.<br \/>\n<img loading=\"lazy\" decoding=\"async\" class=\"aligncenter size-medium wp-image-400\" src=\"http:\/\/leopold-mozart-quartett.com\/wp-content\/uploads\/2024\/09\/Tobias-PM-Schneid-dialogue-reflection-NEOS-Music.jpeg-300x270.png\" alt=\"\" width=\"300\" height=\"270\" srcset=\"http:\/\/leopold-mozart-quartett.com\/wp-content\/uploads\/2024\/09\/Tobias-PM-Schneid-dialogue-reflection-NEOS-Music.jpeg-300x270.png 300w, http:\/\/leopold-mozart-quartett.com\/wp-content\/uploads\/2024\/09\/Tobias-PM-Schneid-dialogue-reflection-NEOS-Music.jpeg-700x631.png 700w, http:\/\/leopold-mozart-quartett.com\/wp-content\/uploads\/2024\/09\/Tobias-PM-Schneid-dialogue-reflection-NEOS-Music.jpeg-768x692.png 768w, http:\/\/leopold-mozart-quartett.com\/wp-content\/uploads\/2024\/09\/Tobias-PM-Schneid-dialogue-reflection-NEOS-Music.jpeg.png 1479w\" sizes=\"auto, (max-width: 300px) 100vw, 300px\" \/><\/a><\/p>\n<p><b>Georges Barboteu &#8211; Centenaire &#8211; &#8222;Jeux&#8220;<br \/>\n<\/b><em>mit Herv\u00e9 Joulain (Horn)<\/em><\/p>\n<p>Auf dem Label Tyxart erschien die Aufnahme von George Barboteus \u201eTryptique\u201c mit dem weltbekannten Hornvirtuosen Herv\u00e9 Joulain<\/p>\n<p><b><a href=\"https:\/\/tyxart.de\/txa23180_barboteu_jeux.html\"><img loading=\"lazy\" decoding=\"async\" class=\"aligncenter size-medium wp-image-387\" src=\"http:\/\/leopold-mozart-quartett.com\/wp-content\/uploads\/2024\/05\/IMG_6491-300x300.jpeg\" alt=\"\" width=\"300\" height=\"300\" srcset=\"http:\/\/leopold-mozart-quartett.com\/wp-content\/uploads\/2024\/05\/IMG_6491-300x300.jpeg 300w, http:\/\/leopold-mozart-quartett.com\/wp-content\/uploads\/2024\/05\/IMG_6491-150x150.jpeg 150w, http:\/\/leopold-mozart-quartett.com\/wp-content\/uploads\/2024\/05\/IMG_6491-768x768.jpeg 768w, http:\/\/leopold-mozart-quartett.com\/wp-content\/uploads\/2024\/05\/IMG_6491-700x700.jpeg 700w, http:\/\/leopold-mozart-quartett.com\/wp-content\/uploads\/2024\/05\/IMG_6491-533x533.jpeg 533w, http:\/\/leopold-mozart-quartett.com\/wp-content\/uploads\/2024\/05\/IMG_6491-640x640.jpeg 640w, http:\/\/leopold-mozart-quartett.com\/wp-content\/uploads\/2024\/05\/IMG_6491-864x864.jpeg 864w, http:\/\/leopold-mozart-quartett.com\/wp-content\/uploads\/2024\/05\/IMG_6491.jpeg 1200w\" sizes=\"auto, (max-width: 300px) 100vw, 300px\" \/><\/a><\/b><\/p>\n<p>&nbsp;<\/p>\n<p><a href=\"https:\/\/www.genuin.de\/de\/04_d.php?k=640\"><strong>Aus der Enge in die Weite<\/strong><\/a><br \/>\n<em>Heinz Winbeck &#8211; Streichquartette Nr 1-3<\/em><\/p>\n<p>Bei Genuin classics erschien 2022 die Ersteinspielung der drei Streichqartette von Heinz Winbeck<\/p>\n<p><a href=\"https:\/\/www.genuin.de\/_new\/cd_1.php?cd=GEN22779\"><img loading=\"lazy\" decoding=\"async\" class=\"aligncenter size-medium wp-image-408\" src=\"http:\/\/leopold-mozart-quartett.com\/wp-content\/uploads\/2024\/09\/IMG_0065-300x300.jpeg\" alt=\"\" width=\"300\" height=\"300\" srcset=\"http:\/\/leopold-mozart-quartett.com\/wp-content\/uploads\/2024\/09\/IMG_0065-300x300.jpeg 300w, http:\/\/leopold-mozart-quartett.com\/wp-content\/uploads\/2024\/09\/IMG_0065-700x701.jpeg 700w, http:\/\/leopold-mozart-quartett.com\/wp-content\/uploads\/2024\/09\/IMG_0065-150x150.jpeg 150w, http:\/\/leopold-mozart-quartett.com\/wp-content\/uploads\/2024\/09\/IMG_0065-768x769.jpeg 768w, http:\/\/leopold-mozart-quartett.com\/wp-content\/uploads\/2024\/09\/IMG_0065-533x533.jpeg 533w, http:\/\/leopold-mozart-quartett.com\/wp-content\/uploads\/2024\/09\/IMG_0065-640x640.jpeg 640w, http:\/\/leopold-mozart-quartett.com\/wp-content\/uploads\/2024\/09\/IMG_0065-864x864.jpeg 864w, http:\/\/leopold-mozart-quartett.com\/wp-content\/uploads\/2024\/09\/IMG_0065.jpeg 1352w\" sizes=\"auto, (max-width: 300px) 100vw, 300px\" \/><\/a><\/p>\n<p>&nbsp;<\/p>\n<p><strong><span style=\"font-size: inherit;\">STRINGS X5<\/span><\/strong><\/p>\n<p>Thomas Stabenow &amp; Leopold Mozart Quartett<br \/>\n2023<\/p>\n<p><a href=\"http:\/\/leopold-mozart-quartett.com\/wp-content\/uploads\/2024\/09\/IMG_0067.png\"><img loading=\"lazy\" decoding=\"async\" class=\"aligncenter size-medium wp-image-412\" src=\"http:\/\/leopold-mozart-quartett.com\/wp-content\/uploads\/2024\/09\/IMG_0067-300x300.png\" alt=\"\" width=\"300\" height=\"300\" srcset=\"http:\/\/leopold-mozart-quartett.com\/wp-content\/uploads\/2024\/09\/IMG_0067-300x300.png 300w, http:\/\/leopold-mozart-quartett.com\/wp-content\/uploads\/2024\/09\/IMG_0067-700x700.png 700w, http:\/\/leopold-mozart-quartett.com\/wp-content\/uploads\/2024\/09\/IMG_0067-150x150.png 150w, http:\/\/leopold-mozart-quartett.com\/wp-content\/uploads\/2024\/09\/IMG_0067-768x768.png 768w, http:\/\/leopold-mozart-quartett.com\/wp-content\/uploads\/2024\/09\/IMG_0067-533x533.png 533w, http:\/\/leopold-mozart-quartett.com\/wp-content\/uploads\/2024\/09\/IMG_0067-640x640.png 640w, http:\/\/leopold-mozart-quartett.com\/wp-content\/uploads\/2024\/09\/IMG_0067-864x864.png 864w, http:\/\/leopold-mozart-quartett.com\/wp-content\/uploads\/2024\/09\/IMG_0067.png 1500w\" sizes=\"auto, (max-width: 300px) 100vw, 300px\" \/><\/a><\/p>\n<p><strong><span style=\"font-size: 1.0625rem;\">LEPUS<\/span><\/strong><\/p>\n<p>Tim Allhoff Trio &amp; Leopold Mozart Quartett<br \/>\n2018<\/p>\n<p><a href=\"http:\/\/leopold-mozart-quartett.com\/wp-content\/uploads\/2024\/09\/IMG_0066.jpeg\"><img loading=\"lazy\" decoding=\"async\" class=\"aligncenter size-medium wp-image-410\" src=\"http:\/\/leopold-mozart-quartett.com\/wp-content\/uploads\/2024\/09\/IMG_0066-300x300.jpeg\" alt=\"\" width=\"300\" height=\"300\" srcset=\"http:\/\/leopold-mozart-quartett.com\/wp-content\/uploads\/2024\/09\/IMG_0066-300x300.jpeg 300w, http:\/\/leopold-mozart-quartett.com\/wp-content\/uploads\/2024\/09\/IMG_0066-700x699.jpeg 700w, http:\/\/leopold-mozart-quartett.com\/wp-content\/uploads\/2024\/09\/IMG_0066-150x150.jpeg 150w, http:\/\/leopold-mozart-quartett.com\/wp-content\/uploads\/2024\/09\/IMG_0066-768x767.jpeg 768w, http:\/\/leopold-mozart-quartett.com\/wp-content\/uploads\/2024\/09\/IMG_0066-533x533.jpeg 533w, http:\/\/leopold-mozart-quartett.com\/wp-content\/uploads\/2024\/09\/IMG_0066-640x640.jpeg 640w, http:\/\/leopold-mozart-quartett.com\/wp-content\/uploads\/2024\/09\/IMG_0066-864x864.jpeg 864w, http:\/\/leopold-mozart-quartett.com\/wp-content\/uploads\/2024\/09\/IMG_0066.jpeg 987w\" sizes=\"auto, (max-width: 300px) 100vw, 300px\" \/><\/a><\/p>\n","protected":false},"excerpt":{"rendered":"<p>\u201edialogue &amp; reflection\u201c Kammermusik von Tobias PM Schneid Ersteinspielung von vier Werken, die den musikalischen Dialog von Gegenwart und Vergangenheit intensiv, tiefgr\u00fcndig und mitrei\u00dfend erfahrbar machen. Erh\u00e4ltlich ab 27. September 2024. Georges Barboteu &#8211; Centenaire &#8211; &#8222;Jeux&#8220; mit Herv\u00e9 Joulain (Horn) Auf dem Label Tyxart &hellip; <a href=\"http:\/\/leopold-mozart-quartett.com\/?page_id=67\" class=\"more-link\"><span>Continue reading<span class=\"screen-reader-text\">Medien<\/span><\/span><\/a><\/p>\n","protected":false},"author":1,"featured_media":0,"parent":0,"menu_order":0,"comment_status":"closed","ping_status":"closed","template":"","meta":{"footnotes":""},"class_list":["post-67","page","type-page","status-publish","hentry"],"_links":{"self":[{"href":"http:\/\/leopold-mozart-quartett.com\/index.php?rest_route=\/wp\/v2\/pages\/67","targetHints":{"allow":["GET"]}}],"collection":[{"href":"http:\/\/leopold-mozart-quartett.com\/index.php?rest_route=\/wp\/v2\/pages"}],"about":[{"href":"http:\/\/leopold-mozart-quartett.com\/index.php?rest_route=\/wp\/v2\/types\/page"}],"author":[{"embeddable":true,"href":"http:\/\/leopold-mozart-quartett.com\/index.php?rest_route=\/wp\/v2\/users\/1"}],"replies":[{"embeddable":true,"href":"http:\/\/leopold-mozart-quartett.com\/index.php?rest_route=%2Fwp%2Fv2%2Fcomments&post=67"}],"version-history":[{"count":36,"href":"http:\/\/leopold-mozart-quartett.com\/index.php?rest_route=\/wp\/v2\/pages\/67\/revisions"}],"predecessor-version":[{"id":413,"href":"http:\/\/leopold-mozart-quartett.com\/index.php?rest_route=\/wp\/v2\/pages\/67\/revisions\/413"}],"wp:attachment":[{"href":"http:\/\/leopold-mozart-quartett.com\/index.php?rest_route=%2Fwp%2Fv2%2Fmedia&parent=67"}],"curies":[{"name":"wp","href":"https:\/\/api.w.org\/{rel}","templated":true}]}}