{"id":34,"date":"2018-06-22T12:33:27","date_gmt":"2018-06-22T12:33:27","guid":{"rendered":"http:\/\/leopold-mozart-quartett.com\/?page_id=34"},"modified":"2026-01-21T18:27:02","modified_gmt":"2026-01-21T18:27:02","slug":"bio","status":"publish","type":"page","link":"http:\/\/leopold-mozart-quartett.com\/?page_id=34","title":{"rendered":"LMQ"},"content":{"rendered":"\n<h2 class=\"wp-block-heading\"><strong>Leopold Mozart Quartett<span class=\"Apple-converted-space\">&nbsp;<\/span><\/strong><\/h2>\n\n\n\n<p class=\"p1\"><span class=\"s1\">Das Leopold Mozart Quartett wurde 2005 von Musikern der Augsburger Philharmoniker gegr\u00fcndet. Lebendige Verbindungen von Vergangenheit und Gegenwart, innovative Programmideen, das \u00dcberschreiten von Genregrenzen sowie ein Einklang von instrumentalem Handwerk und musikalischem Ausdruck bilden die Leitlinien des Ensembles.<\/span><\/p>\n\n\n\n<p>2022 erschien beim Label Genuin die in Kooperation mit dem BR produzierte Einspielung der drei Streichquartette von Heinz Winbeck, 2023 bei NEOS eine CD mit Werken von Tobias PM Schneid. Im Herbst 2025 erscheint eine weitere Doppel-CD mit Kammermusik von Heinz Winbeck, Tobias PM Schneid und Ines L\u00fctge.<\/p>\n\n\n\n<p><\/p>\n\n\n\n<h2 class=\"wp-block-heading\"><strong>Die Musiker:innen<\/strong><\/h2>\n\n\n\n<p><strong>Mariko Umae&nbsp;(Violine 1)<\/strong><\/p>\n\n\n\n<figure class=\"wp-block-image is-resized\"><img loading=\"lazy\" decoding=\"async\" width=\"200\" height=\"300\" src=\"http:\/\/leopold-mozart-quartett.com\/wp-content\/uploads\/2025\/06\/LMQ0325006-200x300.jpg\" alt=\"\" class=\"wp-image-485\" style=\"width:201px;height:auto\" srcset=\"http:\/\/leopold-mozart-quartett.com\/wp-content\/uploads\/2025\/06\/LMQ0325006-200x300.jpg 200w, http:\/\/leopold-mozart-quartett.com\/wp-content\/uploads\/2025\/06\/LMQ0325006-700x1050.jpg 700w, http:\/\/leopold-mozart-quartett.com\/wp-content\/uploads\/2025\/06\/LMQ0325006-768x1152.jpg 768w, http:\/\/leopold-mozart-quartett.com\/wp-content\/uploads\/2025\/06\/LMQ0325006-1024x1536.jpg 1024w\" sizes=\"auto, (max-width: 200px) 100vw, 200px\" \/><\/figure>\n\n\n\n<p class=\"has-text-align-left\">Die Geigerin Mariko Umae stammt aus Kyoto und studierte bei Vladimir Malinin und Daniel Gaede an der Hochschule der K\u00fcnste in Aichi (Japan) sowie an der Hochschule f\u00fcr Musik in N\u00fcrnberg. Sie erhielt mehrere Preise in Japan, beim Lions Wettbewerb und beim Musikwettbewerb des Mozartvereins N\u00fcrnberg. Mariko Umae hatte Engagements bei zahlreichen Opern- und Sinfonieorchestern wie dem Staatstheater Karlsruhe, Saarl\u00e4ndisches Staatsorchester und Nationaltheater Mannheim. Seit 2014 ist sie Vorspielerin der ersten Violinen bei den Augsburger Philharmonikern.&nbsp;<\/p>\n\n\n\n<p><strong>Aleksandra Manic (Violine 2)<\/strong><\/p>\n\n\n\n<figure class=\"wp-block-image size-large is-resized\"><img loading=\"lazy\" decoding=\"async\" width=\"700\" height=\"1050\" src=\"http:\/\/leopold-mozart-quartett.com\/wp-content\/uploads\/2025\/06\/LMQ0325008-700x1050.jpg\" alt=\"\" class=\"wp-image-486\" style=\"width:200px;height:auto\" srcset=\"http:\/\/leopold-mozart-quartett.com\/wp-content\/uploads\/2025\/06\/LMQ0325008-700x1050.jpg 700w, http:\/\/leopold-mozart-quartett.com\/wp-content\/uploads\/2025\/06\/LMQ0325008-200x300.jpg 200w, http:\/\/leopold-mozart-quartett.com\/wp-content\/uploads\/2025\/06\/LMQ0325008-768x1152.jpg 768w, http:\/\/leopold-mozart-quartett.com\/wp-content\/uploads\/2025\/06\/LMQ0325008-1024x1536.jpg 1024w\" sizes=\"auto, (max-width: 700px) 100vw, 700px\" \/><\/figure>\n\n\n\n<p>Aleksandra Manic wurde in Bor (Serbien) geboren. Nach dem Besuch eines Internates f\u00fcr Hochbegabte kam sie &nbsp;2008 nach Deutschland, wo sie ihre Ausbildung bei Prof. Ulf Hoelscher und bei Prof. Elina V\u00e4h\u00e4l\u00e4 fortf\u00fchrte.&nbsp;2022 absolvierte sie ihr Studium bei Prof. Anna-Liisa Bezrodny an der Hochschule f\u00fcr Musik Karlsruhe im Fach Solistenexamen. Sie ist Preistr\u00e4gerin zahlreicher Wettbewerbe als Solistin sowie Kammermusikerin und verf\u00fcgt \u00fcber eine umfangreiche Konzerterfahrung. Nach einem Zeitvertrag bei der Badischen Staatskapelle als Vorspielerin ist sie seit September 2021 Mitglied der ersten Violinen der Augsburger Philharmoniker.<\/p>\n\n\n\n<p><strong>Christian D\u00f6ring&nbsp;(Viola)<\/strong><\/p>\n\n\n\n<figure class=\"wp-block-image\"><img loading=\"lazy\" decoding=\"async\" width=\"200\" height=\"300\" src=\"http:\/\/leopold-mozart-quartett.com\/wp-content\/uploads\/2025\/06\/LMQ0325013-200x300.jpg\" alt=\"\" class=\"wp-image-487\" srcset=\"http:\/\/leopold-mozart-quartett.com\/wp-content\/uploads\/2025\/06\/LMQ0325013-200x300.jpg 200w, http:\/\/leopold-mozart-quartett.com\/wp-content\/uploads\/2025\/06\/LMQ0325013-700x1050.jpg 700w, http:\/\/leopold-mozart-quartett.com\/wp-content\/uploads\/2025\/06\/LMQ0325013-768x1152.jpg 768w, http:\/\/leopold-mozart-quartett.com\/wp-content\/uploads\/2025\/06\/LMQ0325013-1024x1536.jpg 1024w\" sizes=\"auto, (max-width: 200px) 100vw, 200px\" \/><\/figure>\n\n\n\n<p>Christian D\u00f6ring, in einer Musikerfamilieerhielt aufgewachsen begann im Alter von 5 Jahren das Geigenspiel zu lernen. Mit elf Jahren erhielt er einen 1. Preis beim Bach-Wettbewerb Leipzig.\u00a0W\u00e4hrend seines Studiums an der Hochschule f\u00fcr Musik Hanns Eisler Berlin bei Eberhard Feltz besch\u00e4ftigte er sich u. a. als Mitglied des Chagall-Quartetts intensiv mit dem Streichquartettspiel. Er absolvierte ein Kammermusikstudium bei Friedemann Weigle (Petersen-Quartett) und Eberhard Feltz und besuchte zahlreiche Kammermusikkurse (Oberstdorfer Musiksommer, Schubertiade Schwarzenberg, u.a.). Von 2004 bis 2014 war er Geiger bei den Augsburger Philharmonikern, seit 2015 ist er dort Solobratscher.<\/p>\n\n\n\n<p><strong>Jo<a href=\"http:\/\/www.klangereignis.com\">hannes Gutfleisch<\/a>&nbsp;(Violoncello)<\/strong><\/p>\n\n\n\n<figure class=\"wp-block-image\"><img loading=\"lazy\" decoding=\"async\" width=\"200\" height=\"300\" src=\"http:\/\/leopold-mozart-quartett.com\/wp-content\/uploads\/2025\/06\/LMQ0325024-200x300.jpg\" alt=\"\" class=\"wp-image-488\" srcset=\"http:\/\/leopold-mozart-quartett.com\/wp-content\/uploads\/2025\/06\/LMQ0325024-200x300.jpg 200w, http:\/\/leopold-mozart-quartett.com\/wp-content\/uploads\/2025\/06\/LMQ0325024-700x1050.jpg 700w, http:\/\/leopold-mozart-quartett.com\/wp-content\/uploads\/2025\/06\/LMQ0325024-768x1152.jpg 768w, http:\/\/leopold-mozart-quartett.com\/wp-content\/uploads\/2025\/06\/LMQ0325024-1024x1536.jpg 1024w\" sizes=\"auto, (max-width: 200px) 100vw, 200px\" \/><\/figure>\n\n\n\n<p>Der Cellist Johannes Gutfleisch studierte nach seinem Gaststudium am Leopold Mozart Konservatorium in Augsburg an der Hochschule f\u00fcr Musik in K\u00f6ln sowie an der Hochschule f\u00fcr Musik &#8222;Franz Liszt&#8220; in Weimar und belegte unter anderem Kurse bei Harvey Shapiro, beim Amadeus Quartett und beim Petersen Quartett. Er ist seit 2001 Vorspieler bei den Augsburger Philharmonikern. Er initiierte 2009 die Reihe \u201eZukunftsmusik\u201c, die inzwischen einen festen Platz im Spielplan des Staatstheaters Augsburg hat.<\/p>\n\n\n\n<p><\/p>\n","protected":false},"excerpt":{"rendered":"<p>Leopold Mozart Quartett&nbsp; Das Leopold Mozart Quartett wurde 2005 von Musikern der Augsburger Philharmoniker gegr\u00fcndet. Lebendige Verbindungen von Vergangenheit und Gegenwart, innovative Programmideen, das \u00dcberschreiten von Genregrenzen sowie ein Einklang von instrumentalem Handwerk und musikalischem Ausdruck bilden die Leitlinien des Ensembles. 2022 erschien beim Label &hellip; <a href=\"http:\/\/leopold-mozart-quartett.com\/?page_id=34\" class=\"more-link\"><span>Continue reading<span class=\"screen-reader-text\">LMQ<\/span><\/span><\/a><\/p>\n","protected":false},"author":1,"featured_media":0,"parent":0,"menu_order":0,"comment_status":"closed","ping_status":"closed","template":"","meta":{"footnotes":""},"class_list":["post-34","page","type-page","status-publish","hentry"],"_links":{"self":[{"href":"http:\/\/leopold-mozart-quartett.com\/index.php?rest_route=\/wp\/v2\/pages\/34","targetHints":{"allow":["GET"]}}],"collection":[{"href":"http:\/\/leopold-mozart-quartett.com\/index.php?rest_route=\/wp\/v2\/pages"}],"about":[{"href":"http:\/\/leopold-mozart-quartett.com\/index.php?rest_route=\/wp\/v2\/types\/page"}],"author":[{"embeddable":true,"href":"http:\/\/leopold-mozart-quartett.com\/index.php?rest_route=\/wp\/v2\/users\/1"}],"replies":[{"embeddable":true,"href":"http:\/\/leopold-mozart-quartett.com\/index.php?rest_route=%2Fwp%2Fv2%2Fcomments&post=34"}],"version-history":[{"count":32,"href":"http:\/\/leopold-mozart-quartett.com\/index.php?rest_route=\/wp\/v2\/pages\/34\/revisions"}],"predecessor-version":[{"id":516,"href":"http:\/\/leopold-mozart-quartett.com\/index.php?rest_route=\/wp\/v2\/pages\/34\/revisions\/516"}],"wp:attachment":[{"href":"http:\/\/leopold-mozart-quartett.com\/index.php?rest_route=%2Fwp%2Fv2%2Fmedia&parent=34"}],"curies":[{"name":"wp","href":"https:\/\/api.w.org\/{rel}","templated":true}]}}